{"id":12,"date":"2022-08-30T07:58:23","date_gmt":"2022-08-30T07:58:23","guid":{"rendered":"https:\/\/www.innostivo.fi\/?page_id=12"},"modified":"2025-06-22T13:26:46","modified_gmt":"2025-06-22T13:26:46","slug":"riina-holkkola","status":"publish","type":"page","link":"https:\/\/www.innostivo.fi\/index.php\/riina-holkkola\/","title":{"rendered":"Riina Holkkola"},"content":{"rendered":"\t\t<div data-elementor-type=\"wp-page\" data-elementor-id=\"12\" class=\"elementor elementor-12\" data-elementor-post-type=\"page\">\n\t\t\t\t\t\t<section class=\"elementor-section elementor-top-section elementor-element elementor-element-8945eb8 elementor-section-height-min-height elementor-section-boxed elementor-section-height-default elementor-section-items-middle\" data-id=\"8945eb8\" data-element_type=\"section\" data-e-type=\"section\" data-settings=\"{&quot;background_background&quot;:&quot;classic&quot;}\">\n\t\t\t\t\t\t<div class=\"elementor-container elementor-column-gap-default\">\n\t\t\t\t\t<div class=\"elementor-column elementor-col-100 elementor-top-column elementor-element elementor-element-e7747fe\" data-id=\"e7747fe\" data-element_type=\"column\" data-e-type=\"column\">\n\t\t\t<div class=\"elementor-widget-wrap\">\n\t\t\t\t\t\t\t<\/div>\n\t\t<\/div>\n\t\t\t\t\t<\/div>\n\t\t<\/section>\n\t\t\t\t<section class=\"elementor-section elementor-top-section elementor-element elementor-element-6d1e95b0 elementor-reverse-mobile elementor-section-boxed elementor-section-height-default elementor-section-height-default\" data-id=\"6d1e95b0\" data-element_type=\"section\" data-e-type=\"section\">\n\t\t\t\t\t\t<div class=\"elementor-container elementor-column-gap-default\">\n\t\t\t\t\t<div class=\"elementor-column elementor-col-50 elementor-top-column elementor-element elementor-element-6a3bd676\" data-id=\"6a3bd676\" data-element_type=\"column\" data-e-type=\"column\">\n\t\t\t<div class=\"elementor-widget-wrap elementor-element-populated\">\n\t\t\t\t\t\t<div class=\"elementor-element elementor-element-7479aba elementor-widget elementor-widget-heading\" data-id=\"7479aba\" data-element_type=\"widget\" data-e-type=\"widget\" data-widget_type=\"heading.default\">\n\t\t\t\t<div class=\"elementor-widget-container\">\n\t\t\t\t\t<h2 class=\"elementor-heading-title elementor-size-default\">Riina Holkkola<\/h2>\t\t\t\t<\/div>\n\t\t\t\t<\/div>\n\t\t\t\t<div class=\"elementor-element elementor-element-68024d3a elementor-widget elementor-widget-text-editor\" data-id=\"68024d3a\" data-element_type=\"widget\" data-e-type=\"widget\" data-widget_type=\"text-editor.default\">\n\t\t\t\t<div class=\"elementor-widget-container\">\n\t\t\t\t\t\t\t\t\t<p>Ty\u00f6skentelen Lapuan Musiikkiopiston rehtorina. Ty\u00f6h\u00f6ni kuuluu pedagogista, taloudellista ja hallinnollista johtamista, suunnittelua, koordinointia ja henkil\u00f6st\u00f6johtamista.\u00a0<\/p><p>Olen valmistunut kasvatuksen ja yhteiskunnantutkimuksen maisteriohjelmasta kasvatustieteen maisteriksi maaliskuussa 2025.\u00a0 Koulutus on painottunut\u00a0 kehitt\u00e4mis- ja\u00a0 asiantuntijaosaamisen vahvistamiseen, ty\u00f6el\u00e4m\u00e4n ilmi\u00f6ihin, osaamisen kehitt\u00e4miseen sek\u00e4 ty\u00f6hyvinvointiin ja henkil\u00f6st\u00f6johtamiseen. Gradun tein tunneper\u00e4isen ty\u00f6hyvinvoinnin ja osaamisen kehittymisen dialogista. Ty\u00f6 on luettavissa Tampereen yliopiston kirjastossa.<\/p><p><a style=\"background-color: #ffffff; color: #4f0090; font-family: 'Helvetica Neue', Helvetica, Arial, sans-serif; font-size: 14px;\" href=\"https:\/\/urn.fi\/URN:NBN:fi:tuni-202502152215\">https:\/\/urn.fi\/URN:NBN:fi:tuni-202502152215<\/a><\/p><p>\u00a0<\/p><p>Ensimm\u00e4inen musiikinkoulutukseni, musiikkipedagogin koulutus on Keski-Suomen konservatoriosta, Jyv\u00e4skyl\u00e4n ammattikorkeakoulusta ja ammatillisesta opettajakorkeakoulusta.\u00a0 Ylemm\u00e4n ammattikorkeakoulututkinnon olen tehnyt Tampereen ammattikorkeakouluun. YAMK-opinn\u00e4ytety\u00f6ni tein aiheesta: Musiikin hahmotusaineiden alkuopetus 7-8 -vuotiailla. Alla oleva linkki vie opinn\u00e4ytety\u00f6tietokantaan:<\/p><p><a href=\"https:\/\/urn.fi\/URN:NBN:fi:amk-2020112323789\">Musiikin hahmotusaineiden alkuopetus 7-8 -vuotiailla.<\/a><\/p><p>\u00a0<\/p>\t\t\t\t\t\t\t\t<\/div>\n\t\t\t\t<\/div>\n\t\t\t\t<div class=\"elementor-element elementor-element-ae39de3 elementor-widget elementor-widget-heading\" data-id=\"ae39de3\" data-element_type=\"widget\" data-e-type=\"widget\" data-widget_type=\"heading.default\">\n\t\t\t\t<div class=\"elementor-widget-container\">\n\t\t\t\t\t<h2 class=\"elementor-heading-title elementor-size-default\">Ota yhteytt\u00e4 klikkaamalla kuvakkeesta!<\/h2>\t\t\t\t<\/div>\n\t\t\t\t<\/div>\n\t\t\t\t<div class=\"elementor-element elementor-element-c3eaeaa elementor-icon-list--layout-traditional elementor-list-item-link-full_width elementor-widget elementor-widget-icon-list\" data-id=\"c3eaeaa\" data-element_type=\"widget\" data-e-type=\"widget\" data-widget_type=\"icon-list.default\">\n\t\t\t\t<div class=\"elementor-widget-container\">\n\t\t\t\t\t\t\t<ul class=\"elementor-icon-list-items\">\n\t\t\t\t\t\t\t<li class=\"elementor-icon-list-item\">\n\t\t\t\t\t\t\t\t\t\t\t<a href=\"mailto:nuottipajatilaukset@gmail.com\">\n\n\t\t\t\t\t\t\t\t\t\t\t\t<span class=\"elementor-icon-list-icon\">\n\t\t\t\t\t\t\t<i aria-hidden=\"true\" class=\"far fa-envelope\"><\/i>\t\t\t\t\t\t<\/span>\n\t\t\t\t\t\t\t\t\t\t<span class=\"elementor-icon-list-text\">nuottipajatilaukset@gmail.com<\/span>\n\t\t\t\t\t\t\t\t\t\t\t<\/a>\n\t\t\t\t\t\t\t\t\t<\/li>\n\t\t\t\t\t\t\t\t<li class=\"elementor-icon-list-item\">\n\t\t\t\t\t\t\t\t\t\t\t<a href=\"https:\/\/www.facebook.com\/holkkolariina\" target=\"_blank\">\n\n\t\t\t\t\t\t\t\t\t\t\t\t<span class=\"elementor-icon-list-icon\">\n\t\t\t\t\t\t\t<i aria-hidden=\"true\" class=\"fab fa-facebook\"><\/i>\t\t\t\t\t\t<\/span>\n\t\t\t\t\t\t\t\t\t\t<span class=\"elementor-icon-list-text\">Facebook<\/span>\n\t\t\t\t\t\t\t\t\t\t\t<\/a>\n\t\t\t\t\t\t\t\t\t<\/li>\n\t\t\t\t\t\t\t\t<li class=\"elementor-icon-list-item\">\n\t\t\t\t\t\t\t\t\t\t\t<a href=\"https:\/\/www.instagram.com\/nuottipaja\" target=\"_blank\">\n\n\t\t\t\t\t\t\t\t\t\t\t\t<span class=\"elementor-icon-list-icon\">\n\t\t\t\t\t\t\t<i aria-hidden=\"true\" class=\"icon icon-instagram-1\"><\/i>\t\t\t\t\t\t<\/span>\n\t\t\t\t\t\t\t\t\t\t<span class=\"elementor-icon-list-text\">Instagram<\/span>\n\t\t\t\t\t\t\t\t\t\t\t<\/a>\n\t\t\t\t\t\t\t\t\t<\/li>\n\t\t\t\t\t\t<\/ul>\n\t\t\t\t\t\t<\/div>\n\t\t\t\t<\/div>\n\t\t\t\t\t<\/div>\n\t\t<\/div>\n\t\t\t\t<div class=\"elementor-column elementor-col-50 elementor-top-column elementor-element elementor-element-7b400dbe\" data-id=\"7b400dbe\" data-element_type=\"column\" data-e-type=\"column\" data-settings=\"{&quot;background_background&quot;:&quot;classic&quot;}\">\n\t\t\t<div class=\"elementor-widget-wrap elementor-element-populated\">\n\t\t\t\t\t\t<div class=\"elementor-element elementor-element-60659531 elementor-widget elementor-widget-image\" data-id=\"60659531\" data-element_type=\"widget\" data-e-type=\"widget\" data-widget_type=\"image.default\">\n\t\t\t\t<div class=\"elementor-widget-container\">\n\t\t\t\t\t\t\t\t\t\t\t\t\t\t\t<img fetchpriority=\"high\" decoding=\"async\" width=\"1418\" height=\"2048\" src=\"https:\/\/www.innostivo.fi\/wp-content\/uploads\/2025\/06\/IMG-20241109-WA0000.jpg\" class=\"attachment-full size-full wp-image-1048\" alt=\"\" srcset=\"https:\/\/www.innostivo.fi\/wp-content\/uploads\/2025\/06\/IMG-20241109-WA0000.jpg 1418w, https:\/\/www.innostivo.fi\/wp-content\/uploads\/2025\/06\/IMG-20241109-WA0000-208x300.jpg 208w, https:\/\/www.innostivo.fi\/wp-content\/uploads\/2025\/06\/IMG-20241109-WA0000-709x1024.jpg 709w, https:\/\/www.innostivo.fi\/wp-content\/uploads\/2025\/06\/IMG-20241109-WA0000-768x1109.jpg 768w, https:\/\/www.innostivo.fi\/wp-content\/uploads\/2025\/06\/IMG-20241109-WA0000-1064x1536.jpg 1064w, https:\/\/www.innostivo.fi\/wp-content\/uploads\/2025\/06\/IMG-20241109-WA0000-600x867.jpg 600w\" sizes=\"(max-width: 1418px) 100vw, 1418px\" \/>\t\t\t\t\t\t\t\t\t\t\t\t\t\t\t<\/div>\n\t\t\t\t<\/div>\n\t\t\t\t\t<\/div>\n\t\t<\/div>\n\t\t\t\t\t<\/div>\n\t\t<\/section>\n\t\t\t\t<\/div>\n\t\t","protected":false},"excerpt":{"rendered":"<p>Riina Holkkola Ty\u00f6skentelen Lapuan Musiikkiopiston rehtorina. Ty\u00f6h\u00f6ni kuuluu pedagogista, taloudellista ja hallinnollista johtamista, suunnittelua, koordinointia ja henkil\u00f6st\u00f6johtamista.\u00a0 Olen valmistunut kasvatuksen ja yhteiskunnantutkimuksen maisteriohjelmasta kasvatustieteen maisteriksi maaliskuussa 2025.\u00a0 Koulutus on painottunut\u00a0 kehitt\u00e4mis- ja\u00a0 asiantuntijaosaamisen vahvistamiseen, ty\u00f6el\u00e4m\u00e4n ilmi\u00f6ihin, osaamisen kehitt\u00e4miseen sek\u00e4 ty\u00f6hyvinvointiin ja henkil\u00f6st\u00f6johtamiseen. Gradun tein tunneper\u00e4isen ty\u00f6hyvinvoinnin ja osaamisen kehittymisen dialogista. Ty\u00f6 on luettavissa Tampereen yliopiston [&hellip;]<\/p>\n","protected":false},"author":1,"featured_media":0,"parent":0,"menu_order":0,"comment_status":"closed","ping_status":"closed","template":"","meta":{"footnotes":""},"class_list":["post-12","page","type-page","status-publish","hentry"],"_links":{"self":[{"href":"https:\/\/www.innostivo.fi\/index.php\/wp-json\/wp\/v2\/pages\/12","targetHints":{"allow":["GET"]}}],"collection":[{"href":"https:\/\/www.innostivo.fi\/index.php\/wp-json\/wp\/v2\/pages"}],"about":[{"href":"https:\/\/www.innostivo.fi\/index.php\/wp-json\/wp\/v2\/types\/page"}],"author":[{"embeddable":true,"href":"https:\/\/www.innostivo.fi\/index.php\/wp-json\/wp\/v2\/users\/1"}],"replies":[{"embeddable":true,"href":"https:\/\/www.innostivo.fi\/index.php\/wp-json\/wp\/v2\/comments?post=12"}],"version-history":[{"count":99,"href":"https:\/\/www.innostivo.fi\/index.php\/wp-json\/wp\/v2\/pages\/12\/revisions"}],"predecessor-version":[{"id":1093,"href":"https:\/\/www.innostivo.fi\/index.php\/wp-json\/wp\/v2\/pages\/12\/revisions\/1093"}],"wp:attachment":[{"href":"https:\/\/www.innostivo.fi\/index.php\/wp-json\/wp\/v2\/media?parent=12"}],"curies":[{"name":"wp","href":"https:\/\/api.w.org\/{rel}","templated":true}]}}