{"id":15,"date":"2022-08-30T07:58:33","date_gmt":"2022-08-30T07:58:33","guid":{"rendered":"https:\/\/www.innostivo.fi\/?page_id=15"},"modified":"2025-12-30T14:03:28","modified_gmt":"2025-12-30T14:03:28","slug":"etusivu","status":"publish","type":"page","link":"https:\/\/www.innostivo.fi\/","title":{"rendered":"Etusivu"},"content":{"rendered":"\t\t<div data-elementor-type=\"wp-page\" data-elementor-id=\"15\" class=\"elementor elementor-15\" data-elementor-post-type=\"page\">\n\t\t\t\t\t\t<section class=\"elementor-section elementor-top-section elementor-element elementor-element-52ecdc18 elementor-reverse-mobile elementor-section-boxed elementor-section-height-default elementor-section-height-default\" data-id=\"52ecdc18\" data-element_type=\"section\" data-e-type=\"section\" data-settings=\"{&quot;background_background&quot;:&quot;classic&quot;}\">\n\t\t\t\t\t\t\t<div class=\"elementor-background-overlay\"><\/div>\n\t\t\t\t\t\t\t<div class=\"elementor-container elementor-column-gap-default\">\n\t\t\t\t\t<div class=\"elementor-column elementor-col-100 elementor-top-column elementor-element elementor-element-68507f4f\" data-id=\"68507f4f\" data-element_type=\"column\" data-e-type=\"column\" data-settings=\"{&quot;background_background&quot;:&quot;classic&quot;}\">\n\t\t\t<div class=\"elementor-widget-wrap elementor-element-populated\">\n\t\t\t\t\t\t<div class=\"elementor-element elementor-element-77a3b65f elementor-widget elementor-widget-heading\" data-id=\"77a3b65f\" data-element_type=\"widget\" data-e-type=\"widget\" data-widget_type=\"heading.default\">\n\t\t\t\t<div class=\"elementor-widget-container\">\n\t\t\t\t\t<h1 class=\"elementor-heading-title elementor-size-default\">Innostivo<\/h1>\t\t\t\t<\/div>\n\t\t\t\t<\/div>\n\t\t\t\t<div class=\"elementor-element elementor-element-37a5b997 elementor-widget elementor-widget-heading\" data-id=\"37a5b997\" data-element_type=\"widget\" data-e-type=\"widget\" data-widget_type=\"heading.default\">\n\t\t\t\t<div class=\"elementor-widget-container\">\n\t\t\t\t\t<h4 class=\"elementor-heading-title elementor-size-default\">Innosta uuteen<\/h4>\t\t\t\t<\/div>\n\t\t\t\t<\/div>\n\t\t\t\t<div class=\"elementor-element elementor-element-e4496f2 elementor-align-center elementor-widget elementor-widget-button\" data-id=\"e4496f2\" data-element_type=\"widget\" data-e-type=\"widget\" data-widget_type=\"button.default\">\n\t\t\t\t<div class=\"elementor-widget-container\">\n\t\t\t\t\t\t\t\t\t<div class=\"elementor-button-wrapper\">\n\t\t\t\t\t<a class=\"elementor-button elementor-button-link elementor-size-lg elementor-animation-grow\" href=\"https:\/\/www.innostivo.fi\/index.php\/kauppa\/\">\n\t\t\t\t\t\t<span class=\"elementor-button-content-wrapper\">\n\t\t\t\t\t\t\t\t\t<span class=\"elementor-button-text\">Kauppaan<\/span>\n\t\t\t\t\t<\/span>\n\t\t\t\t\t<\/a>\n\t\t\t\t<\/div>\n\t\t\t\t\t\t\t\t<\/div>\n\t\t\t\t<\/div>\n\t\t\t\t\t<\/div>\n\t\t<\/div>\n\t\t\t\t\t<\/div>\n\t\t<\/section>\n\t\t\t\t<section class=\"elementor-section elementor-top-section elementor-element elementor-element-26ea9d0e elementor-section-content-middle elementor-reverse-mobile elementor-section-boxed elementor-section-height-default elementor-section-height-default\" data-id=\"26ea9d0e\" data-element_type=\"section\" data-e-type=\"section\" data-settings=\"{&quot;background_background&quot;:&quot;classic&quot;}\">\n\t\t\t\t\t\t<div class=\"elementor-container elementor-column-gap-default\">\n\t\t\t\t\t<div class=\"elementor-column elementor-col-50 elementor-top-column elementor-element elementor-element-39a2a33f\" data-id=\"39a2a33f\" data-element_type=\"column\" data-e-type=\"column\">\n\t\t\t<div class=\"elementor-widget-wrap elementor-element-populated\">\n\t\t\t\t\t\t<div class=\"elementor-element elementor-element-4e69ee85 elementor-widget elementor-widget-heading\" data-id=\"4e69ee85\" data-element_type=\"widget\" data-e-type=\"widget\" data-widget_type=\"heading.default\">\n\t\t\t\t<div class=\"elementor-widget-container\">\n\t\t\t\t\t<h2 class=\"elementor-heading-title elementor-size-default\">Riina Holkkola<\/h2>\t\t\t\t<\/div>\n\t\t\t\t<\/div>\n\t\t\t\t<div class=\"elementor-element elementor-element-da8aa4c elementor-widget elementor-widget-heading\" data-id=\"da8aa4c\" data-element_type=\"widget\" data-e-type=\"widget\" data-widget_type=\"heading.default\">\n\t\t\t\t<div class=\"elementor-widget-container\">\n\t\t\t\t\t<h2 class=\"elementor-heading-title elementor-size-default\">Kasvatustieteen maisteri KM<br>Musiikkipedagogi YAMK<\/h2>\t\t\t\t<\/div>\n\t\t\t\t<\/div>\n\t\t\t\t<div class=\"elementor-element elementor-element-274e755d elementor-widget elementor-widget-text-editor\" data-id=\"274e755d\" data-element_type=\"widget\" data-e-type=\"widget\" data-widget_type=\"text-editor.default\">\n\t\t\t\t<div class=\"elementor-widget-container\">\n\t\t\t\t\t\t\t\t\t<p>Olen Tampereen yliopistosta valmistunut kasvatustieteen maisteri. Kiinnostuksen kohteitani ovat pedagoginen johtaminen, kehitt\u00e4mis- ja\u00a0 asiantuntijaosaamisen vahvistaminen, ty\u00f6el\u00e4m\u00e4n ilmi\u00f6t ja ty\u00f6hyvinvointi.\u00a0<\/p>\t\t\t\t\t\t\t\t<\/div>\n\t\t\t\t<\/div>\n\t\t\t\t<div class=\"elementor-element elementor-element-6685444b elementor-align-left elementor-widget elementor-widget-button\" data-id=\"6685444b\" data-element_type=\"widget\" data-e-type=\"widget\" data-widget_type=\"button.default\">\n\t\t\t\t<div class=\"elementor-widget-container\">\n\t\t\t\t\t\t\t\t\t<div class=\"elementor-button-wrapper\">\n\t\t\t\t\t<a class=\"elementor-button elementor-button-link elementor-size-lg elementor-animation-grow\" href=\"https:\/\/www.innostivo.fi\/index.php\/riina-holkkola\/\">\n\t\t\t\t\t\t<span class=\"elementor-button-content-wrapper\">\n\t\t\t\t\t\t\t\t\t<span class=\"elementor-button-text\">Lue lis\u00e4\u00e4<\/span>\n\t\t\t\t\t<\/span>\n\t\t\t\t\t<\/a>\n\t\t\t\t<\/div>\n\t\t\t\t\t\t\t\t<\/div>\n\t\t\t\t<\/div>\n\t\t\t\t\t<\/div>\n\t\t<\/div>\n\t\t\t\t<div class=\"elementor-column elementor-col-50 elementor-top-column elementor-element elementor-element-8f2d2e2\" data-id=\"8f2d2e2\" data-element_type=\"column\" data-e-type=\"column\" data-settings=\"{&quot;background_background&quot;:&quot;gradient&quot;}\">\n\t\t\t<div class=\"elementor-widget-wrap elementor-element-populated\">\n\t\t\t\t\t\t<div class=\"elementor-element elementor-element-2f84fd6 elementor-widget elementor-widget-image\" data-id=\"2f84fd6\" data-element_type=\"widget\" data-e-type=\"widget\" data-widget_type=\"image.default\">\n\t\t\t\t<div class=\"elementor-widget-container\">\n\t\t\t\t\t\t\t\t\t\t\t\t\t\t\t<img fetchpriority=\"high\" decoding=\"async\" width=\"709\" height=\"1024\" src=\"https:\/\/www.innostivo.fi\/wp-content\/uploads\/2025\/06\/IMG-20241109-WA0000-709x1024.jpg\" class=\"attachment-large size-large wp-image-1048\" alt=\"\" srcset=\"https:\/\/www.innostivo.fi\/wp-content\/uploads\/2025\/06\/IMG-20241109-WA0000-709x1024.jpg 709w, https:\/\/www.innostivo.fi\/wp-content\/uploads\/2025\/06\/IMG-20241109-WA0000-208x300.jpg 208w, https:\/\/www.innostivo.fi\/wp-content\/uploads\/2025\/06\/IMG-20241109-WA0000-768x1109.jpg 768w, https:\/\/www.innostivo.fi\/wp-content\/uploads\/2025\/06\/IMG-20241109-WA0000-1064x1536.jpg 1064w, https:\/\/www.innostivo.fi\/wp-content\/uploads\/2025\/06\/IMG-20241109-WA0000-600x867.jpg 600w, https:\/\/www.innostivo.fi\/wp-content\/uploads\/2025\/06\/IMG-20241109-WA0000.jpg 1418w\" sizes=\"(max-width: 709px) 100vw, 709px\" \/>\t\t\t\t\t\t\t\t\t\t\t\t\t\t\t<\/div>\n\t\t\t\t<\/div>\n\t\t\t\t\t<\/div>\n\t\t<\/div>\n\t\t\t\t\t<\/div>\n\t\t<\/section>\n\t\t\t\t<section class=\"elementor-section elementor-top-section elementor-element elementor-element-7d0721d5 elementor-section-boxed elementor-section-height-default elementor-section-height-default\" data-id=\"7d0721d5\" data-element_type=\"section\" data-e-type=\"section\" data-settings=\"{&quot;background_background&quot;:&quot;classic&quot;}\">\n\t\t\t\t\t\t<div class=\"elementor-container elementor-column-gap-default\">\n\t\t\t\t\t<div class=\"elementor-column elementor-col-100 elementor-top-column elementor-element elementor-element-3502ca3e\" data-id=\"3502ca3e\" data-element_type=\"column\" data-e-type=\"column\">\n\t\t\t<div class=\"elementor-widget-wrap elementor-element-populated\">\n\t\t\t\t\t\t<div class=\"elementor-element elementor-element-336ab642 elementor-widget elementor-widget-heading\" data-id=\"336ab642\" data-element_type=\"widget\" data-e-type=\"widget\" data-widget_type=\"heading.default\">\n\t\t\t\t<div class=\"elementor-widget-container\">\n\t\t\t\t\t<h2 class=\"elementor-heading-title elementor-size-default\">Tuotteet<\/h2>\t\t\t\t<\/div>\n\t\t\t\t<\/div>\n\t\t\t\t<div class=\"elementor-element elementor-element-47071e4f elementor-widget elementor-widget-text-editor\" data-id=\"47071e4f\" data-element_type=\"widget\" data-e-type=\"widget\" data-widget_type=\"text-editor.default\">\n\t\t\t\t<div class=\"elementor-widget-container\">\n\t\t\t\t\t\t\t\t\t<p>Tilaa t\u00e4st\u00e4 fyysinen kopio tai e-kirja!<\/p>\t\t\t\t\t\t\t\t<\/div>\n\t\t\t\t<\/div>\n\t\t\t\t<div class=\"elementor-element elementor-element-0bb0bfe eael-product-grid-column-4 elementor-widget elementor-widget-eicon-woocommerce\" data-id=\"0bb0bfe\" data-element_type=\"widget\" data-e-type=\"widget\" data-widget_type=\"eicon-woocommerce.default\">\n\t\t\t\t<div class=\"elementor-widget-container\">\n\t\t\t\t\t\n        <div class=\"eael-product-grid eael-product-simple grid\" id=\"eael-product-grid\" data-widget-id=\"0bb0bfe\" data-page-id=\"15\" data-nonce=\"b08c70c837\" >\n            <div class=\"woocommerce\">\n                <ul class=\"products eael-post-appender eael-post-appender-0bb0bfe\" data-ssi-desktop=\"no\" data-ssi-tablet=\"no\" data-ssi-mobile=\"no\" data-layout-mode=\"grid\"> <li class=\"product \">\n<div class=\"eael-product-wrap\" data-src=\"\" data-src-hover=\"\">\n    <a href=\"https:\/\/www.innostivo.fi\/index.php\/tuote\/nuottipaja-1-ja-nuottipaja-2-yhteistilaus\/\" class=\"woocommerce-LoopProduct-link woocommerce-loop-product__link\"><img decoding=\"async\" width=\"300\" height=\"222\" src=\"https:\/\/www.innostivo.fi\/wp-content\/uploads\/2024\/07\/20240719_194203-1-300x222.jpg\" class=\"attachment-woocommerce_thumbnail size-woocommerce_thumbnail wvs-archive-product-image\" alt=\"Nuottipaja 1 ja Nuottipaja 2 - yhteistilaus\" loading=\"eager\" srcset=\"https:\/\/www.innostivo.fi\/wp-content\/uploads\/2024\/07\/20240719_194203-1-300x222.jpg 300w, https:\/\/www.innostivo.fi\/wp-content\/uploads\/2024\/07\/20240719_194203-1-600x443.jpg 600w, https:\/\/www.innostivo.fi\/wp-content\/uploads\/2024\/07\/20240719_194203-1-1024x757.jpg 1024w, https:\/\/www.innostivo.fi\/wp-content\/uploads\/2024\/07\/20240719_194203-1-768x568.jpg 768w, https:\/\/www.innostivo.fi\/wp-content\/uploads\/2024\/07\/20240719_194203-1.jpg 1207w\" sizes=\"(max-width: 300px) 100vw, 300px\" \/><\/a><div class=\"eael-product-title\">\n    <a href=\"https:\/\/www.innostivo.fi\/index.php\/tuote\/nuottipaja-1-ja-nuottipaja-2-yhteistilaus\/\" class=\"woocommerce-LoopProduct-link woocommerce-loop-product__link\"><h2 class=\"woocommerce-loop-product__title\">Nuottipaja 1 ja Nuottipaja 2 - yhteistilaus<\/h2><\/a>\n    <\/div><div class=\"eael-product-price\"><span class=\"woocommerce-Price-amount amount\"><bdi>62,00&nbsp;<span class=\"woocommerce-Price-currencySymbol\">&euro;<\/span><\/bdi><\/span> <small class=\"woocommerce-price-suffix\">sis. alv 13,5%<\/small><\/div>    <a href=\"\/index.php\/wp-json\/wp\/v2\/pages\/15?add-to-cart=913\" aria-describedby=\"woocommerce_loop_add_to_cart_link_describedby_913\" data-quantity=\"1\" class=\"button product_type_simple add_to_cart_button ajax_add_to_cart\" data-product_id=\"913\" data-product_sku=\"\" aria-label=\"Lis\u00e4\u00e4 ostoskoriin: &ldquo;Nuottipaja 1 ja Nuottipaja 2 - yhteistilaus&rdquo;\" rel=\"nofollow\" data-success_message=\"&ldquo;Nuottipaja 1 ja Nuottipaja 2 - yhteistilaus&rdquo; on lis\u00e4tty ostoskoriin\" role=\"button\">Lis\u00e4\u00e4 ostoskoriin<\/a>\t<span id=\"woocommerce_loop_add_to_cart_link_describedby_913\" class=\"screen-reader-text\">\n\t\t\t<\/span>\n    \n<\/div>\n\n<\/li> <li class=\"product \">\n<div class=\"eael-product-wrap\" data-src=\"\" data-src-hover=\"\">\n    <a href=\"https:\/\/www.innostivo.fi\/index.php\/tuote\/e-kirja-nuottipaja-2\/\" class=\"woocommerce-LoopProduct-link woocommerce-loop-product__link\"><img decoding=\"async\" width=\"236\" height=\"300\" src=\"https:\/\/www.innostivo.fi\/wp-content\/uploads\/2024\/06\/Kansi-verkkosivulle-e1719765964305-236x300.jpg\" class=\"attachment-woocommerce_thumbnail size-woocommerce_thumbnail wvs-archive-product-image\" alt=\"Nuottipaja 2-kirjan kansi\" loading=\"eager\" srcset=\"https:\/\/www.innostivo.fi\/wp-content\/uploads\/2024\/06\/Kansi-verkkosivulle-e1719765964305-236x300.jpg 236w, https:\/\/www.innostivo.fi\/wp-content\/uploads\/2024\/06\/Kansi-verkkosivulle-e1719765964305-600x762.jpg 600w, https:\/\/www.innostivo.fi\/wp-content\/uploads\/2024\/06\/Kansi-verkkosivulle-e1719765964305-807x1024.jpg 807w, https:\/\/www.innostivo.fi\/wp-content\/uploads\/2024\/06\/Kansi-verkkosivulle-e1719765964305-768x975.jpg 768w, https:\/\/www.innostivo.fi\/wp-content\/uploads\/2024\/06\/Kansi-verkkosivulle-e1719765964305-1210x1536.jpg 1210w, https:\/\/www.innostivo.fi\/wp-content\/uploads\/2024\/06\/Kansi-verkkosivulle-e1719765964305.jpg 1361w\" sizes=\"(max-width: 236px) 100vw, 236px\" \/><\/a><div class=\"eael-product-title\">\n    <a href=\"https:\/\/www.innostivo.fi\/index.php\/tuote\/e-kirja-nuottipaja-2\/\" class=\"woocommerce-LoopProduct-link woocommerce-loop-product__link\"><h2 class=\"woocommerce-loop-product__title\">E-kirja Nuottipaja 2<\/h2><\/a>\n    <\/div><div class=\"eael-product-price\"><span class=\"woocommerce-Price-amount amount\"><bdi>26,00&nbsp;<span class=\"woocommerce-Price-currencySymbol\">&euro;<\/span><\/bdi><\/span> <small class=\"woocommerce-price-suffix\">sis. alv 13,5%<\/small><\/div>    <a href=\"\/index.php\/wp-json\/wp\/v2\/pages\/15?add-to-cart=912\" aria-describedby=\"woocommerce_loop_add_to_cart_link_describedby_912\" data-quantity=\"1\" class=\"button product_type_simple add_to_cart_button ajax_add_to_cart\" data-product_id=\"912\" data-product_sku=\"\" aria-label=\"Lis\u00e4\u00e4 ostoskoriin: &ldquo;E-kirja Nuottipaja 2&rdquo;\" rel=\"nofollow\" data-success_message=\"&ldquo;E-kirja Nuottipaja 2&rdquo; on lis\u00e4tty ostoskoriin\" role=\"button\">Lis\u00e4\u00e4 ostoskoriin<\/a>\t<span id=\"woocommerce_loop_add_to_cart_link_describedby_912\" class=\"screen-reader-text\">\n\t\t\t<\/span>\n    \n<\/div>\n\n<\/li> <li class=\"product \">\n<div class=\"eael-product-wrap\" data-src=\"\" data-src-hover=\"\">\n    <a href=\"https:\/\/www.innostivo.fi\/index.php\/tuote\/nuottipaja-2\/\" class=\"woocommerce-LoopProduct-link woocommerce-loop-product__link\"><img decoding=\"async\" width=\"236\" height=\"300\" src=\"https:\/\/www.innostivo.fi\/wp-content\/uploads\/2024\/06\/Kansi-verkkosivulle-e1719765964305-236x300.jpg\" class=\"attachment-woocommerce_thumbnail size-woocommerce_thumbnail wvs-archive-product-image\" alt=\"Nuottipaja 2-kirjan kansi\" loading=\"eager\" srcset=\"https:\/\/www.innostivo.fi\/wp-content\/uploads\/2024\/06\/Kansi-verkkosivulle-e1719765964305-236x300.jpg 236w, https:\/\/www.innostivo.fi\/wp-content\/uploads\/2024\/06\/Kansi-verkkosivulle-e1719765964305-600x762.jpg 600w, https:\/\/www.innostivo.fi\/wp-content\/uploads\/2024\/06\/Kansi-verkkosivulle-e1719765964305-807x1024.jpg 807w, https:\/\/www.innostivo.fi\/wp-content\/uploads\/2024\/06\/Kansi-verkkosivulle-e1719765964305-768x975.jpg 768w, https:\/\/www.innostivo.fi\/wp-content\/uploads\/2024\/06\/Kansi-verkkosivulle-e1719765964305-1210x1536.jpg 1210w, https:\/\/www.innostivo.fi\/wp-content\/uploads\/2024\/06\/Kansi-verkkosivulle-e1719765964305.jpg 1361w\" sizes=\"(max-width: 236px) 100vw, 236px\" \/><\/a><div class=\"eael-product-title\">\n    <a href=\"https:\/\/www.innostivo.fi\/index.php\/tuote\/nuottipaja-2\/\" class=\"woocommerce-LoopProduct-link woocommerce-loop-product__link\"><h2 class=\"woocommerce-loop-product__title\">Nuottipaja 2<\/h2><\/a>\n    <\/div><div class=\"eael-product-price\"><span class=\"woocommerce-Price-amount amount\"><bdi>31,00&nbsp;<span class=\"woocommerce-Price-currencySymbol\">&euro;<\/span><\/bdi><\/span> <small class=\"woocommerce-price-suffix\">sis. alv 13,5%<\/small><\/div>    <a href=\"\/index.php\/wp-json\/wp\/v2\/pages\/15?add-to-cart=896\" aria-describedby=\"woocommerce_loop_add_to_cart_link_describedby_896\" data-quantity=\"1\" class=\"button product_type_simple add_to_cart_button ajax_add_to_cart\" data-product_id=\"896\" data-product_sku=\"\" aria-label=\"Lis\u00e4\u00e4 ostoskoriin: &ldquo;Nuottipaja 2&rdquo;\" rel=\"nofollow\" data-success_message=\"&ldquo;Nuottipaja 2&rdquo; on lis\u00e4tty ostoskoriin\" role=\"button\">Lis\u00e4\u00e4 ostoskoriin<\/a>\t<span id=\"woocommerce_loop_add_to_cart_link_describedby_896\" class=\"screen-reader-text\">\n\t\t\t<\/span>\n    \n<\/div>\n\n<\/li> <li class=\"product \">\n<div class=\"eael-product-wrap\" data-src=\"\" data-src-hover=\"\">\n    <a href=\"https:\/\/www.innostivo.fi\/index.php\/tuote\/pianomuskari-pianon-alkeita-pikkuisille\/\" class=\"woocommerce-LoopProduct-link woocommerce-loop-product__link\"><img decoding=\"async\" width=\"227\" height=\"227\" src=\"https:\/\/www.innostivo.fi\/wp-content\/uploads\/2022\/11\/1qy8mly3.png\" class=\"attachment-woocommerce_thumbnail size-woocommerce_thumbnail wvs-archive-product-image\" alt=\"Pianomuskari - pianon alkeita pikkuisille E-kirja\" loading=\"eager\" srcset=\"https:\/\/www.innostivo.fi\/wp-content\/uploads\/2022\/11\/1qy8mly3.png 227w, https:\/\/www.innostivo.fi\/wp-content\/uploads\/2022\/11\/1qy8mly3-100x100.png 100w, https:\/\/www.innostivo.fi\/wp-content\/uploads\/2022\/11\/1qy8mly3-150x150.png 150w\" sizes=\"(max-width: 227px) 100vw, 227px\" \/><\/a><div class=\"eael-product-title\">\n    <a href=\"https:\/\/www.innostivo.fi\/index.php\/tuote\/pianomuskari-pianon-alkeita-pikkuisille\/\" class=\"woocommerce-LoopProduct-link woocommerce-loop-product__link\"><h2 class=\"woocommerce-loop-product__title\">Pianomuskari - pianon alkeita pikkuisille E-kirja<\/h2><\/a>\n    <\/div><div class=\"eael-product-price\"><span class=\"woocommerce-Price-amount amount\"><bdi>15,00&nbsp;<span class=\"woocommerce-Price-currencySymbol\">&euro;<\/span><\/bdi><\/span> <small class=\"woocommerce-price-suffix\">sis. alv 13,5%<\/small><\/div>    <a href=\"\/index.php\/wp-json\/wp\/v2\/pages\/15?add-to-cart=719\" aria-describedby=\"woocommerce_loop_add_to_cart_link_describedby_719\" data-quantity=\"1\" class=\"button product_type_simple add_to_cart_button ajax_add_to_cart\" data-product_id=\"719\" data-product_sku=\"\" aria-label=\"Lis\u00e4\u00e4 ostoskoriin: &ldquo;Pianomuskari - pianon alkeita pikkuisille E-kirja&rdquo;\" rel=\"nofollow\" data-success_message=\"&ldquo;Pianomuskari - pianon alkeita pikkuisille E-kirja&rdquo; on lis\u00e4tty ostoskoriin\" role=\"button\">Lis\u00e4\u00e4 ostoskoriin<\/a>\t<span id=\"woocommerce_loop_add_to_cart_link_describedby_719\" class=\"screen-reader-text\">\n\t\t\t<\/span>\n    \n<\/div>\n\n<\/li><\/ul>            <div class=\"eael-load-more-button-wrap eael-force-hide\">\n                <button class=\"eael-load-more-button\" id=\"eael-load-more-btn-0bb0bfe\" data-widget-id=\"0bb0bfe\" data-widget=\"0bb0bfe\" data-page-id=\"15\" data-template=\"{&quot;dir&quot;:&quot;lite&quot;,&quot;file_name&quot;:&quot;simple.php&quot;,&quot;name&quot;:&quot;Eicon-Woocommerce&quot;}\" data-class=\"Essential_Addons_Elementor\\Elements\\Product_Grid\" data-layout=\"grid\" data-page=\"1\" data-args=\"post_type=product&amp;post_status%5B0%5D=publish&amp;post_status%5B1%5D=pending&amp;post_status%5B2%5D=future&amp;posts_per_page=4&amp;order=desc&amp;offset=0&amp;tax_query%5Brelation%5D=AND&amp;tax_query%5B0%5D%5Btaxonomy%5D=product_visibility&amp;tax_query%5B0%5D%5Bfield%5D=name&amp;tax_query%5B0%5D%5Bterms%5D%5B0%5D=exclude-from-search&amp;tax_query%5B0%5D%5Bterms%5D%5B1%5D=exclude-from-catalog&amp;tax_query%5B0%5D%5Boperator%5D=NOT+IN&amp;meta_query%5Brelation%5D=AND&amp;orderby=date&amp;total_post=6\" data-max-page=\"2\">\n                    <span class=\"eael-btn-loader button__loader\"><\/span>\n                    <span class=\"eael_load_more_text\"><\/span>\n                <\/button>\n            <\/div>\n                        <\/div>\n        <\/div>\n\n        <script type=\"text\/javascript\">\n            jQuery(document).ready(function($) {\n                var $scope = jQuery(\".elementor-element-0bb0bfe\");\n                var $products = $('.products', $scope);\n                var $layout_mode = $products.data('layout-mode');\n                \n                if ( $layout_mode === 'masonry' ) {\n                    \/\/ init isotope\n                    var $isotope_products = $products.isotope({\n                        itemSelector: \"li.product\",\n                        layoutMode: $layout_mode,\n                        percentPosition: true\n                    });\n\n                    $isotope_products.imagesLoaded().progress( function() {\n                        $isotope_products.isotope('layout');\n                    })\n                    \n                }\n            });\n        <\/script>\n        \t\t\t\t<\/div>\n\t\t\t\t<\/div>\n\t\t\t\t\t<\/div>\n\t\t<\/div>\n\t\t\t\t\t<\/div>\n\t\t<\/section>\n\t\t\t\t<\/div>\n\t\t","protected":false},"excerpt":{"rendered":"<p>Innostivo Innosta uuteen Kauppaan Riina Holkkola Kasvatustieteen maisteri KMMusiikkipedagogi YAMK Olen Tampereen yliopistosta valmistunut kasvatustieteen maisteri. Kiinnostuksen kohteitani ovat pedagoginen johtaminen, kehitt\u00e4mis- ja\u00a0 asiantuntijaosaamisen vahvistaminen, ty\u00f6el\u00e4m\u00e4n ilmi\u00f6t ja ty\u00f6hyvinvointi.\u00a0 Lue lis\u00e4\u00e4 Tuotteet Tilaa t\u00e4st\u00e4 fyysinen kopio tai e-kirja! Nuottipaja 1 ja Nuottipaja 2 &#8211; yhteistilaus 62,00&nbsp;&euro; sis. alv 14% Lis\u00e4\u00e4 ostoskoriin E-kirja Nuottipaja 2 26,00&nbsp;&euro; [&hellip;]<\/p>\n","protected":false},"author":1,"featured_media":0,"parent":0,"menu_order":0,"comment_status":"closed","ping_status":"closed","template":"","meta":{"footnotes":""},"class_list":["post-15","page","type-page","status-publish","hentry"],"_links":{"self":[{"href":"https:\/\/www.innostivo.fi\/index.php\/wp-json\/wp\/v2\/pages\/15","targetHints":{"allow":["GET"]}}],"collection":[{"href":"https:\/\/www.innostivo.fi\/index.php\/wp-json\/wp\/v2\/pages"}],"about":[{"href":"https:\/\/www.innostivo.fi\/index.php\/wp-json\/wp\/v2\/types\/page"}],"author":[{"embeddable":true,"href":"https:\/\/www.innostivo.fi\/index.php\/wp-json\/wp\/v2\/users\/1"}],"replies":[{"embeddable":true,"href":"https:\/\/www.innostivo.fi\/index.php\/wp-json\/wp\/v2\/comments?post=15"}],"version-history":[{"count":200,"href":"https:\/\/www.innostivo.fi\/index.php\/wp-json\/wp\/v2\/pages\/15\/revisions"}],"predecessor-version":[{"id":1161,"href":"https:\/\/www.innostivo.fi\/index.php\/wp-json\/wp\/v2\/pages\/15\/revisions\/1161"}],"wp:attachment":[{"href":"https:\/\/www.innostivo.fi\/index.php\/wp-json\/wp\/v2\/media?parent=15"}],"curies":[{"name":"wp","href":"https:\/\/api.w.org\/{rel}","templated":true}]}}