{"id":147,"date":"2022-08-30T11:03:13","date_gmt":"2022-08-30T11:03:13","guid":{"rendered":"https:\/\/www.innostivo.fi\/?post_type=product&#038;p=147"},"modified":"2025-06-22T08:47:09","modified_gmt":"2025-06-22T08:47:09","slug":"e-kirja-nuottipaja-1","status":"publish","type":"product","link":"https:\/\/www.innostivo.fi\/index.php\/tuote\/e-kirja-nuottipaja-1\/","title":{"rendered":"E-kirja Nuottipaja 1"},"content":{"rendered":"<ul>\n<li>Ladattava PDF<\/li>\n<li>128-sivuinen teht\u00e4v\u00e4kirja<\/li>\n<li>piirros- ja keksimisteht\u00e4vi\u00e4<\/li>\n<li>rytmien ja nuottien tunnistusta<\/li>\n<li>improvisointia<\/li>\n<li>s\u00e4velt\u00e4mist\u00e4<\/li>\n<li>leikki-ideoita<\/li>\n<li>musiikin hahmotusaineiden alkuopetukseen<\/li>\n<li>soittotunnille oppimisen tueksi<\/li>\n<\/ul>\n<p>Hintaan sis\u00e4ltyy ALV 14%<\/p>\n","protected":false},"excerpt":{"rendered":"<p>Ladattava PDF 128-sivuinen teht\u00e4v\u00e4kirja piirros- ja keksimisteht\u00e4vi\u00e4 rytmien ja nuottien tunnistusta improvisointia s\u00e4velt\u00e4mist\u00e4 leikki-ideoita musiikin hahmotusaineiden alkuopetukseen soittotunnille oppimisen tueksi Hintaan sis\u00e4ltyy ALV 14%<\/p>\n","protected":false},"featured_media":148,"comment_status":"open","ping_status":"closed","template":"","meta":[],"product_brand":[],"product_cat":[22],"product_tag":[25,26,53,52,23,24],"class_list":{"0":"post-147","1":"product","2":"type-product","3":"status-publish","4":"has-post-thumbnail","6":"product_cat-e-kirjat","7":"product_tag-alkuopetus","8":"product_tag-e-kirja","9":"product_tag-musiikin-alkuopetus","10":"product_tag-musiikin-hahmotusaineet","11":"product_tag-nuottipaja","12":"product_tag-nuottipaja-1","14":"first","15":"instock","16":"downloadable","17":"taxable","18":"shipping-taxable","19":"purchasable","20":"product-type-simple"},"_links":{"self":[{"href":"https:\/\/www.innostivo.fi\/index.php\/wp-json\/wp\/v2\/product\/147","targetHints":{"allow":["GET"]}}],"collection":[{"href":"https:\/\/www.innostivo.fi\/index.php\/wp-json\/wp\/v2\/product"}],"about":[{"href":"https:\/\/www.innostivo.fi\/index.php\/wp-json\/wp\/v2\/types\/product"}],"replies":[{"embeddable":true,"href":"https:\/\/www.innostivo.fi\/index.php\/wp-json\/wp\/v2\/comments?post=147"}],"wp:featuredmedia":[{"embeddable":true,"href":"https:\/\/www.innostivo.fi\/index.php\/wp-json\/wp\/v2\/media\/148"}],"wp:attachment":[{"href":"https:\/\/www.innostivo.fi\/index.php\/wp-json\/wp\/v2\/media?parent=147"}],"wp:term":[{"taxonomy":"product_brand","embeddable":true,"href":"https:\/\/www.innostivo.fi\/index.php\/wp-json\/wp\/v2\/product_brand?post=147"},{"taxonomy":"product_cat","embeddable":true,"href":"https:\/\/www.innostivo.fi\/index.php\/wp-json\/wp\/v2\/product_cat?post=147"},{"taxonomy":"product_tag","embeddable":true,"href":"https:\/\/www.innostivo.fi\/index.php\/wp-json\/wp\/v2\/product_tag?post=147"}],"curies":[{"name":"wp","href":"https:\/\/api.w.org\/{rel}","templated":true}]}}