{"id":719,"date":"2022-11-12T13:08:48","date_gmt":"2022-11-12T13:08:48","guid":{"rendered":"https:\/\/www.innostivo.fi\/?post_type=product&#038;p=719"},"modified":"2025-07-27T09:53:40","modified_gmt":"2025-07-27T09:53:40","slug":"pianomuskari-pianon-alkeita-pikkuisille","status":"publish","type":"product","link":"https:\/\/www.innostivo.fi\/index.php\/tuote\/pianomuskari-pianon-alkeita-pikkuisille\/","title":{"rendered":"Pianomuskari &#8211; pianon alkeita pikkuisille E-kirja"},"content":{"rendered":"<p>Pianonsoiton alkuopetukseen laadittu e-materiaali, joka sis\u00e4lt\u00e4\u00e4 14 helppoa kappaletta sek\u00e4 pieni teht\u00e4vi\u00e4 pikkupianistin ratkaistavaksi. Jokaisella sivulla on v\u00e4ritett\u00e4v\u00e4ksi pianon koskettimisto, josta voi etsi\u00e4 k\u00e4ytett\u00e4v\u00e4t s\u00e4velet.<\/p>\n<ul>\n<li>Alkeiskirja pikkupianistille (alk.4-7 v)\n<ul>\n<li>14 pikkukappaletta<\/li>\n<li>iso nuottikuva, osittain valmiiksi nimettyj\u00e4 s\u00e4veli\u00e4<\/li>\n<li>mukana pieni\u00e4 teht\u00e4vi\u00e4, s\u00e4velt\u00e4mist\u00e4 ja omaa keksimist\u00e4<\/li>\n<li>sopii alkeismateriaaliksi aloittavalle pianistille yksil\u00f6- ja ryhm\u00e4opetukseen.<\/li>\n<\/ul>\n<\/li>\n<\/ul>\n<p>Hintaan sis\u00e4ltyy ALV 14%<\/p>\n","protected":false},"excerpt":{"rendered":"<p>Pianonsoiton alkuopetukseen laadittu materiaali, joka sis\u00e4lt\u00e4\u00e4 14 helppoa kappaletta sek\u00e4 pieni teht\u00e4vi\u00e4 pikkupianistin ratkaistavaksi. Jokaisella sivulla on v\u00e4ritett\u00e4v\u00e4ksi pianon koskettimisto, josta voi etsi\u00e4 k\u00e4ytett\u00e4v\u00e4t s\u00e4velet.<\/p>\n<ul>\n<li>Alkeiskirja pikkupianistille (alk.4-7 v)\n<ul>\n<li>14 pikkukappaletta<\/li>\n<li>iso nuottikuva, osittain valmiiksi nimettyj\u00e4 s\u00e4veli\u00e4<\/li>\n<li>mukana pieni\u00e4 teht\u00e4vi\u00e4, s\u00e4velt\u00e4mist\u00e4 ja omaa keksimist\u00e4<\/li>\n<li>sopii alkeismateriaaliksi aloittavalle pianistille yksil\u00f6- ja ryhm\u00e4opetukseen.<\/li>\n<\/ul>\n<\/li>\n<\/ul>\n<p>Hintaan sis\u00e4ltyy ALV 10%<\/p>\n","protected":false},"featured_media":806,"comment_status":"open","ping_status":"closed","template":"","meta":[],"product_brand":[],"product_cat":[22],"product_tag":[25,26,23,24],"class_list":{"0":"post-719","1":"product","2":"type-product","3":"status-publish","4":"has-post-thumbnail","6":"product_cat-e-kirjat","7":"product_tag-alkuopetus","8":"product_tag-e-kirja","9":"product_tag-nuottipaja","10":"product_tag-nuottipaja-1","12":"first","13":"instock","14":"downloadable","15":"taxable","16":"shipping-taxable","17":"purchasable","18":"product-type-simple"},"_links":{"self":[{"href":"https:\/\/www.innostivo.fi\/index.php\/wp-json\/wp\/v2\/product\/719","targetHints":{"allow":["GET"]}}],"collection":[{"href":"https:\/\/www.innostivo.fi\/index.php\/wp-json\/wp\/v2\/product"}],"about":[{"href":"https:\/\/www.innostivo.fi\/index.php\/wp-json\/wp\/v2\/types\/product"}],"replies":[{"embeddable":true,"href":"https:\/\/www.innostivo.fi\/index.php\/wp-json\/wp\/v2\/comments?post=719"}],"wp:featuredmedia":[{"embeddable":true,"href":"https:\/\/www.innostivo.fi\/index.php\/wp-json\/wp\/v2\/media\/806"}],"wp:attachment":[{"href":"https:\/\/www.innostivo.fi\/index.php\/wp-json\/wp\/v2\/media?parent=719"}],"wp:term":[{"taxonomy":"product_brand","embeddable":true,"href":"https:\/\/www.innostivo.fi\/index.php\/wp-json\/wp\/v2\/product_brand?post=719"},{"taxonomy":"product_cat","embeddable":true,"href":"https:\/\/www.innostivo.fi\/index.php\/wp-json\/wp\/v2\/product_cat?post=719"},{"taxonomy":"product_tag","embeddable":true,"href":"https:\/\/www.innostivo.fi\/index.php\/wp-json\/wp\/v2\/product_tag?post=719"}],"curies":[{"name":"wp","href":"https:\/\/api.w.org\/{rel}","templated":true}]}}