{"id":912,"date":"2024-07-19T12:32:47","date_gmt":"2024-07-19T12:32:47","guid":{"rendered":"https:\/\/www.innostivo.fi\/?post_type=product&#038;p=912"},"modified":"2025-06-22T08:45:31","modified_gmt":"2025-06-22T08:45:31","slug":"e-kirja-nuottipaja-2","status":"publish","type":"product","link":"https:\/\/www.innostivo.fi\/index.php\/tuote\/e-kirja-nuottipaja-2\/","title":{"rendered":"E-kirja Nuottipaja 2"},"content":{"rendered":"<p>Nuottipaja 2-kirjassa harjoitellaan musiikin hahmotusaineiden perusasioita luovasti ja lapsen oppimista tukien. Kirjassa tutustutaan perusrytmeihin, tahtiosoituksiin, nuottiviivastoon, s\u00e4veliin, intervalleihin ja ensimm\u00e4isiin asteikkoihin. Kirja on Nuottipaja 1-kirjan itsen\u00e4inen jatko-osa.<\/p>\n","protected":false},"excerpt":{"rendered":"<p><img fetchpriority=\"high\" decoding=\"async\" class=\"alignnone size-medium wp-image-1045\" src=\"https:\/\/www.innostivo.fi\/wp-content\/uploads\/2024\/07\/Kansi-verkkosivulle-188x300.jpg\" alt=\"\" width=\"188\" height=\"300\" srcset=\"https:\/\/www.innostivo.fi\/wp-content\/uploads\/2024\/07\/Kansi-verkkosivulle-188x300.jpg 188w, https:\/\/www.innostivo.fi\/wp-content\/uploads\/2024\/07\/Kansi-verkkosivulle-642x1024.jpg 642w, https:\/\/www.innostivo.fi\/wp-content\/uploads\/2024\/07\/Kansi-verkkosivulle-768x1226.jpg 768w, https:\/\/www.innostivo.fi\/wp-content\/uploads\/2024\/07\/Kansi-verkkosivulle-963x1536.jpg 963w, https:\/\/www.innostivo.fi\/wp-content\/uploads\/2024\/07\/Kansi-verkkosivulle-1283x2048.jpg 1283w, https:\/\/www.innostivo.fi\/wp-content\/uploads\/2024\/07\/Kansi-verkkosivulle-600x957.jpg 600w, https:\/\/www.innostivo.fi\/wp-content\/uploads\/2024\/07\/Kansi-verkkosivulle.jpg 1410w\" sizes=\"(max-width: 188px) 100vw, 188px\" \/><\/p>\n<p>E-kirja, pdf-tiedosto.<\/p>\n<p>Nuottipaja 2 -kirjassa harjoitellaan musiikin hahmotusaineiden perusasioita luovasti ja lapsen oppimista tukien. Kirjassa tutustutaan perusrytmeihin, tahtiosoitukseen, nuottiviivastoon, s\u00e4veliin, intervalleihin ja ensimm\u00e4isiin asteikkoihin. Kirja on Nuottipaja 1- kirjan itsen\u00e4inen jatko-osa.<\/p>\n","protected":false},"featured_media":899,"comment_status":"open","ping_status":"closed","template":"","meta":[],"product_brand":[],"product_cat":[22,21],"product_tag":[25,53,52,23,24,54],"class_list":{"0":"post-912","1":"product","2":"type-product","3":"status-publish","4":"has-post-thumbnail","6":"product_cat-e-kirjat","7":"product_cat-kirjat","8":"product_tag-alkuopetus","9":"product_tag-musiikin-alkuopetus","10":"product_tag-musiikin-hahmotusaineet","11":"product_tag-nuottipaja","12":"product_tag-nuottipaja-1","13":"product_tag-nuottipaja-2","15":"first","16":"instock","17":"downloadable","18":"taxable","19":"shipping-taxable","20":"purchasable","21":"product-type-simple"},"_links":{"self":[{"href":"https:\/\/www.innostivo.fi\/index.php\/wp-json\/wp\/v2\/product\/912","targetHints":{"allow":["GET"]}}],"collection":[{"href":"https:\/\/www.innostivo.fi\/index.php\/wp-json\/wp\/v2\/product"}],"about":[{"href":"https:\/\/www.innostivo.fi\/index.php\/wp-json\/wp\/v2\/types\/product"}],"replies":[{"embeddable":true,"href":"https:\/\/www.innostivo.fi\/index.php\/wp-json\/wp\/v2\/comments?post=912"}],"wp:featuredmedia":[{"embeddable":true,"href":"https:\/\/www.innostivo.fi\/index.php\/wp-json\/wp\/v2\/media\/899"}],"wp:attachment":[{"href":"https:\/\/www.innostivo.fi\/index.php\/wp-json\/wp\/v2\/media?parent=912"}],"wp:term":[{"taxonomy":"product_brand","embeddable":true,"href":"https:\/\/www.innostivo.fi\/index.php\/wp-json\/wp\/v2\/product_brand?post=912"},{"taxonomy":"product_cat","embeddable":true,"href":"https:\/\/www.innostivo.fi\/index.php\/wp-json\/wp\/v2\/product_cat?post=912"},{"taxonomy":"product_tag","embeddable":true,"href":"https:\/\/www.innostivo.fi\/index.php\/wp-json\/wp\/v2\/product_tag?post=912"}],"curies":[{"name":"wp","href":"https:\/\/api.w.org\/{rel}","templated":true}]}}