{"id":913,"date":"2024-07-19T12:34:21","date_gmt":"2024-07-19T12:34:21","guid":{"rendered":"https:\/\/www.innostivo.fi\/?post_type=product&#038;p=913"},"modified":"2025-06-22T08:49:12","modified_gmt":"2025-06-22T08:49:12","slug":"nuottipaja-1-ja-nuottipaja-2-yhteistilaus","status":"publish","type":"product","link":"https:\/\/www.innostivo.fi\/index.php\/tuote\/nuottipaja-1-ja-nuottipaja-2-yhteistilaus\/","title":{"rendered":"Nuottipaja 1 ja Nuottipaja 2 &#8211; yhteistilaus"},"content":{"rendered":"<p>Kahden kirjan yhteispaketti.<\/p>\n<p>&nbsp;<\/p>\n","protected":false},"excerpt":{"rendered":"<p>Nuottipaja 1-kirja on teht\u00e4v\u00e4kirja musiikin hahmotusaineiden alkuopetukseen. Kirjassa harjoitellaan musiikin perusasioita ja se on tarkoitettu soittopolkuaan aloittavalle oppilaalle. Kirjassa tutustutaan perusrytmimerkkeihin, nuottiviivastoon ja s\u00e4veliin. Oman soittimen osuus, luova ty\u00f6skentely sek\u00e4 yhdess\u00e4 toimiminen on huomioitu sis\u00e4ll\u00f6ss\u00e4. Nuottipaja 2-kirja jatkaa ja syvent\u00e4\u00e4 edellisen kirjan sis\u00e4lt\u00f6\u00e4. Uutena asioina tulevat intervallit, ensimm\u00e4iset asteikot, tahtiosoitukset sek\u00e4 pisteelliset aika-arvot.<\/p>\n<p>Verkkolaskutuslis\u00e4 5 \u20ac<\/p>\n","protected":false},"featured_media":918,"comment_status":"open","ping_status":"closed","template":"","meta":[],"product_brand":[],"product_cat":[22,21],"product_tag":[25,53,52,24,54],"class_list":{"0":"post-913","1":"product","2":"type-product","3":"status-publish","4":"has-post-thumbnail","6":"product_cat-e-kirjat","7":"product_cat-kirjat","8":"product_tag-alkuopetus","9":"product_tag-musiikin-alkuopetus","10":"product_tag-musiikin-hahmotusaineet","11":"product_tag-nuottipaja-1","12":"product_tag-nuottipaja-2","14":"first","15":"instock","16":"taxable","17":"shipping-taxable","18":"purchasable","19":"product-type-simple"},"_links":{"self":[{"href":"https:\/\/www.innostivo.fi\/index.php\/wp-json\/wp\/v2\/product\/913","targetHints":{"allow":["GET"]}}],"collection":[{"href":"https:\/\/www.innostivo.fi\/index.php\/wp-json\/wp\/v2\/product"}],"about":[{"href":"https:\/\/www.innostivo.fi\/index.php\/wp-json\/wp\/v2\/types\/product"}],"replies":[{"embeddable":true,"href":"https:\/\/www.innostivo.fi\/index.php\/wp-json\/wp\/v2\/comments?post=913"}],"wp:featuredmedia":[{"embeddable":true,"href":"https:\/\/www.innostivo.fi\/index.php\/wp-json\/wp\/v2\/media\/918"}],"wp:attachment":[{"href":"https:\/\/www.innostivo.fi\/index.php\/wp-json\/wp\/v2\/media?parent=913"}],"wp:term":[{"taxonomy":"product_brand","embeddable":true,"href":"https:\/\/www.innostivo.fi\/index.php\/wp-json\/wp\/v2\/product_brand?post=913"},{"taxonomy":"product_cat","embeddable":true,"href":"https:\/\/www.innostivo.fi\/index.php\/wp-json\/wp\/v2\/product_cat?post=913"},{"taxonomy":"product_tag","embeddable":true,"href":"https:\/\/www.innostivo.fi\/index.php\/wp-json\/wp\/v2\/product_tag?post=913"}],"curies":[{"name":"wp","href":"https:\/\/api.w.org\/{rel}","templated":true}]}}